{"id":27,"date":"2015-07-07T11:57:30","date_gmt":"2015-07-07T11:57:30","guid":{"rendered":"http:\/\/www.lockwood-productions.com\/?page_id=27"},"modified":"2026-04-23T10:01:33","modified_gmt":"2026-04-23T10:01:33","slug":"productions","status":"publish","type":"page","link":"https:\/\/lockwood-productions.com\/en\/productions\/","title":{"rendered":"Productions"},"content":{"rendered":"<p>[et_pb_section fb_built=\u00a0\u00bb1&Prime; custom_padding_last_edited=\u00a0\u00bbon|phone\u00a0\u00bb admin_label=\u00a0\u00bbHeader\u00a0\u00bb _builder_version=\u00a0\u00bb4.27.2&Prime; _module_preset=\u00a0\u00bbdefault\u00a0\u00bb background_color=\u00a0\u00bb#f4eee0&Prime; custom_padding=\u00a0\u00bb||0px||false|false\u00a0\u00bb custom_padding_tablet=\u00a0\u00bb\u00a0\u00bb custom_padding_phone=\u00a0\u00bb0px||0px||false|false\u00a0\u00bb locked=\u00a0\u00bboff\u00a0\u00bb collapsed=\u00a0\u00bbon\u00a0\u00bb global_colors_info=\u00a0\u00bb{}\u00a0\u00bb][et_pb_row custom_padding_last_edited=\u00a0\u00bbon|phone\u00a0\u00bb _builder_version=\u00a0\u00bb4.27.2&Prime; _module_preset=\u00a0\u00bbdefault\u00a0\u00bb max_width=\u00a0\u00bb100%\u00a0\u00bb custom_margin_tablet=\u00a0\u00bb\u00a0\u00bb custom_margin_phone=\u00a0\u00bb||0px||false|false\u00a0\u00bb custom_margin_last_edited=\u00a0\u00bbon|phone\u00a0\u00bb custom_padding=\u00a0\u00bb||0px||false|false\u00a0\u00bb custom_padding_tablet=\u00a0\u00bb\u00a0\u00bb custom_padding_phone=\u00a0\u00bb||0px||false|false\u00a0\u00bb global_colors_info=\u00a0\u00bb{}\u00a0\u00bb][et_pb_column type=\u00a0\u00bb4_4&Prime; _builder_version=\u00a0\u00bb4.25.1&Prime; _module_preset=\u00a0\u00bbdefault\u00a0\u00bb global_colors_info=\u00a0\u00bb{}\u00a0\u00bb][et_pb_heading title=\u00a0\u00bbProductions\u00a0\u00bb _builder_version=\u00a0\u00bb4.27.2&Prime; _module_preset=\u00a0\u00bb_initial\u00a0\u00bb title_text_align=\u00a0\u00bbcenter\u00a0\u00bb title_text_color=\u00a0\u00bb#0c0c0c\u00a0\u00bb title_font_size=\u00a0\u00bb4vw\u00a0\u00bb custom_margin=\u00a0\u00bb||25px||false|false\u00a0\u00bb title_font_size_tablet=\u00a0\u00bb4vw\u00a0\u00bb title_font_size_phone=\u00a0\u00bb14vw\u00a0\u00bb title_font_size_last_edited=\u00a0\u00bbon|phone\u00a0\u00bb global_colors_info=\u00a0\u00bb{}\u00a0\u00bb][\/et_pb_heading][\/et_pb_column][\/et_pb_row][\/et_pb_section][et_pb_section fb_built=\u00a0\u00bb1&Prime; admin_label=\u00a0\u00bbPortfolio_Style_42&Prime; _builder_version=\u00a0\u00bb4.27.2&Prime; _module_preset=\u00a0\u00bbdefault\u00a0\u00bb background_color=\u00a0\u00bb#f4eee0&Prime; custom_margin=\u00a0\u00bb0px||||false|false\u00a0\u00bb custom_padding=\u00a0\u00bb0px||||false|false\u00a0\u00bb global_colors_info=\u00a0\u00bb{}\u00a0\u00bb][et_pb_row use_custom_gutter=\u00a0\u00bbon\u00a0\u00bb gutter_width=\u00a0\u00bb1&Prime; make_equal=\u00a0\u00bbon\u00a0\u00bb module_class=\u00a0\u00bb et_pb_row_fullwidth\u00a0\u00bb _builder_version=\u00a0\u00bb4.16&Prime; width=\u00a0\u00bb100%\u00a0\u00bb width_tablet=\u00a0\u00bb100%\u00a0\u00bb width_phone=\u00a0\u00bb\u00a0\u00bb width_last_edited=\u00a0\u00bbon|desktop\u00a0\u00bb max_width=\u00a0\u00bb100%\u00a0\u00bb max_width_tablet=\u00a0\u00bb100%\u00a0\u00bb max_width_phone=\u00a0\u00bb\u00a0\u00bb max_width_last_edited=\u00a0\u00bbon|desktop\u00a0\u00bb custom_padding=\u00a0\u00bb27px|0px|67px|0px|false|false\u00a0\u00bb make_fullwidth=\u00a0\u00bbon\u00a0\u00bb locked=\u00a0\u00bboff\u00a0\u00bb global_colors_info=\u00a0\u00bb{}\u00a0\u00bb][et_pb_column type=\u00a0\u00bb4_4&Prime; _builder_version=\u00a0\u00bb4.16&Prime; custom_padding=\u00a0\u00bb|||\u00a0\u00bb global_colors_info=\u00a0\u00bb{}\u00a0\u00bb custom_padding__hover=\u00a0\u00bb|||\u00a0\u00bb][et_pb_filterable_portfolio fullwidth=\u00a0\u00bboff\u00a0\u00bb posts_number=\u00a0\u00bb12&Prime; show_title=\u00a0\u00bboff\u00a0\u00bb show_categories=\u00a0\u00bboff\u00a0\u00bb zoom_icon_color=\u00a0\u00bb#f78e77&Prime; hover_overlay_color=\u00a0\u00bbrgba(255,255,255,0.45)\u00a0\u00bb hover_icon=\u00a0\u00bb&#xf06e;||fa||900&Prime; admin_label=\u00a0\u00bbPortfolio Style V42&Prime; module_class=\u00a0\u00bbet_pb_flt_portfolio_dct_42&Prime; _builder_version=\u00a0\u00bb4.27.6&Prime; _module_preset=\u00a0\u00bbdefault\u00a0\u00bb title_font=\u00a0\u00bb|600|||||||\u00a0\u00bb title_text_align=\u00a0\u00bbleft\u00a0\u00bb title_text_color=\u00a0\u00bb#ffffff\u00a0\u00bb title_font_size=\u00a0\u00bb22px\u00a0\u00bb filter_text_color=\u00a0\u00bb#f78e77&Prime; caption_text_color=\u00a0\u00bb#FFFFFF\u00a0\u00bb pagination_font=\u00a0\u00bb&#8211;et_global_body_font|600|||||||\u00a0\u00bb pagination_text_align=\u00a0\u00bbcenter\u00a0\u00bb pagination_text_color=\u00a0\u00bb#f78e77&Prime; pagination_line_height=\u00a0\u00bb2em\u00a0\u00bb text_orientation=\u00a0\u00bbcenter\u00a0\u00bb hover_enabled=\u00a0\u00bb0&Prime; title_font_size_tablet=\u00a0\u00bb22px\u00a0\u00bb title_font_size_phone=\u00a0\u00bb22px\u00a0\u00bb title_font_size_last_edited=\u00a0\u00bbon|phone\u00a0\u00bb text_orientation_tablet=\u00a0\u00bbcenter\u00a0\u00bb text_orientation_phone=\u00a0\u00bbcenter\u00a0\u00bb text_orientation_last_edited=\u00a0\u00bbon|tablet\u00a0\u00bb global_colors_info=\u00a0\u00bb{}\u00a0\u00bb sticky_enabled=\u00a0\u00bb0&Prime; include_categories=\u00a0\u00bb34,27,41,42,43,49,53,54,18&Prime;][\/et_pb_filterable_portfolio][\/et_pb_column][\/et_pb_row][\/et_pb_section]<\/p>\n","protected":false},"excerpt":{"rendered":"","protected":false},"author":1,"featured_media":1572,"parent":0,"menu_order":0,"comment_status":"open","ping_status":"open","template":"","meta":{"_et_pb_use_builder":"on","_et_pb_old_content":"","_et_gb_content_width":"","footnotes":""},"class_list":["post-27","page","type-page","status-publish","has-post-thumbnail","hentry"],"yoast_head":"<!-- This site is optimized with the Yoast SEO plugin v27.6 - https:\/\/yoast.com\/product\/yoast-seo-wordpress\/ -->\n<title>Productions - Mary Lockwood Productions<\/title>\n<meta name=\"description\" content=\"Retrouvez toutes les productions de Mary Lockwood Productions, soci\u00e9t\u00e9 sp\u00e9cialis\u00e9e dans la supervision musicale et la musique interactive !\" \/>\n<meta name=\"robots\" content=\"index, follow, max-snippet:-1, max-image-preview:large, max-video-preview:-1\" \/>\n<link rel=\"canonical\" href=\"https:\/\/lockwood-productions.com\/en\/productions\/\" \/>\n<meta property=\"og:locale\" content=\"en_US\" \/>\n<meta property=\"og:type\" content=\"article\" \/>\n<meta property=\"og:title\" content=\"Productions - Mary Lockwood Productions\" \/>\n<meta property=\"og:description\" content=\"Retrouvez toutes les productions de Mary Lockwood Productions, soci\u00e9t\u00e9 sp\u00e9cialis\u00e9e dans la supervision musicale et la musique interactive !\" \/>\n<meta property=\"og:url\" content=\"https:\/\/lockwood-productions.com\/en\/productions\/\" \/>\n<meta property=\"og:site_name\" content=\"Mary Lockwood Productions\" \/>\n<meta property=\"article:modified_time\" content=\"2026-04-23T10:01:33+00:00\" \/>\n<meta property=\"og:image\" content=\"https:\/\/lockwood-productions.com\/wp-content\/uploads\/2024\/10\/Logo-ML-production_fond-transparent_HQ-1-scaled.png\" \/>\n\t<meta property=\"og:image:width\" content=\"2560\" \/>\n\t<meta property=\"og:image:height\" content=\"1719\" \/>\n\t<meta property=\"og:image:type\" content=\"image\/png\" \/>\n<meta name=\"twitter:card\" content=\"summary_large_image\" \/>\n<meta name=\"twitter:label1\" content=\"Est. reading time\" \/>\n\t<meta name=\"twitter:data1\" content=\"6 minutes\" \/>\n<script type=\"application\/ld+json\" class=\"yoast-schema-graph\">{\"@context\":\"https:\\\/\\\/schema.org\",\"@graph\":[{\"@type\":\"WebPage\",\"@id\":\"https:\\\/\\\/lockwood-productions.com\\\/productions\\\/\",\"url\":\"https:\\\/\\\/lockwood-productions.com\\\/productions\\\/\",\"name\":\"Productions - Mary Lockwood Productions\",\"isPartOf\":{\"@id\":\"https:\\\/\\\/marylockwoodprod-qdiyznr2kl.live-website.com\\\/#website\"},\"primaryImageOfPage\":{\"@id\":\"https:\\\/\\\/lockwood-productions.com\\\/productions\\\/#primaryimage\"},\"image\":{\"@id\":\"https:\\\/\\\/lockwood-productions.com\\\/productions\\\/#primaryimage\"},\"thumbnailUrl\":\"https:\\\/\\\/lockwood-productions.com\\\/wp-content\\\/uploads\\\/2024\\\/10\\\/Logo-ML-production_fond-transparent_HQ-1-scaled.png\",\"datePublished\":\"2015-07-07T11:57:30+00:00\",\"dateModified\":\"2026-04-23T10:01:33+00:00\",\"description\":\"Retrouvez toutes les productions de Mary Lockwood Productions, soci\u00e9t\u00e9 sp\u00e9cialis\u00e9e dans la supervision musicale et la musique interactive !\",\"breadcrumb\":{\"@id\":\"https:\\\/\\\/lockwood-productions.com\\\/productions\\\/#breadcrumb\"},\"inLanguage\":\"en-US\",\"potentialAction\":[{\"@type\":\"ReadAction\",\"target\":[\"https:\\\/\\\/lockwood-productions.com\\\/productions\\\/\"]}]},{\"@type\":\"ImageObject\",\"inLanguage\":\"en-US\",\"@id\":\"https:\\\/\\\/lockwood-productions.com\\\/productions\\\/#primaryimage\",\"url\":\"https:\\\/\\\/lockwood-productions.com\\\/wp-content\\\/uploads\\\/2024\\\/10\\\/Logo-ML-production_fond-transparent_HQ-1-scaled.png\",\"contentUrl\":\"https:\\\/\\\/lockwood-productions.com\\\/wp-content\\\/uploads\\\/2024\\\/10\\\/Logo-ML-production_fond-transparent_HQ-1-scaled.png\",\"width\":2560,\"height\":1719,\"caption\":\"Logo - ML Productions\"},{\"@type\":\"BreadcrumbList\",\"@id\":\"https:\\\/\\\/lockwood-productions.com\\\/productions\\\/#breadcrumb\",\"itemListElement\":[{\"@type\":\"ListItem\",\"position\":1,\"name\":\"Accueil\",\"item\":\"https:\\\/\\\/lockwood-productions.com\\\/\"},{\"@type\":\"ListItem\",\"position\":2,\"name\":\"Productions\"}]},{\"@type\":\"WebSite\",\"@id\":\"https:\\\/\\\/marylockwoodprod-qdiyznr2kl.live-website.com\\\/#website\",\"url\":\"https:\\\/\\\/marylockwoodprod-qdiyznr2kl.live-website.com\\\/\",\"name\":\"Mary Lockwood Productions\",\"description\":\"Supervision &amp; Production Musicale\",\"potentialAction\":[{\"@type\":\"SearchAction\",\"target\":{\"@type\":\"EntryPoint\",\"urlTemplate\":\"https:\\\/\\\/marylockwoodprod-qdiyznr2kl.live-website.com\\\/?s={search_term_string}\"},\"query-input\":{\"@type\":\"PropertyValueSpecification\",\"valueRequired\":true,\"valueName\":\"search_term_string\"}}],\"inLanguage\":\"en-US\"}]}<\/script>\n<!-- \/ Yoast SEO plugin. -->","yoast_head_json":{"title":"Productions - Mary Lockwood Productions","description":"Retrouvez toutes les productions de Mary Lockwood Productions, soci\u00e9t\u00e9 sp\u00e9cialis\u00e9e dans la supervision musicale et la musique interactive !","robots":{"index":"index","follow":"follow","max-snippet":"max-snippet:-1","max-image-preview":"max-image-preview:large","max-video-preview":"max-video-preview:-1"},"canonical":"https:\/\/lockwood-productions.com\/en\/productions\/","og_locale":"en_US","og_type":"article","og_title":"Productions - Mary Lockwood Productions","og_description":"Retrouvez toutes les productions de Mary Lockwood Productions, soci\u00e9t\u00e9 sp\u00e9cialis\u00e9e dans la supervision musicale et la musique interactive !","og_url":"https:\/\/lockwood-productions.com\/en\/productions\/","og_site_name":"Mary Lockwood Productions","article_modified_time":"2026-04-23T10:01:33+00:00","og_image":[{"width":2560,"height":1719,"url":"https:\/\/lockwood-productions.com\/wp-content\/uploads\/2024\/10\/Logo-ML-production_fond-transparent_HQ-1-scaled.png","type":"image\/png"}],"twitter_card":"summary_large_image","twitter_misc":{"Est. reading time":"6 minutes"},"schema":{"@context":"https:\/\/schema.org","@graph":[{"@type":"WebPage","@id":"https:\/\/lockwood-productions.com\/productions\/","url":"https:\/\/lockwood-productions.com\/productions\/","name":"Productions - Mary Lockwood Productions","isPartOf":{"@id":"https:\/\/marylockwoodprod-qdiyznr2kl.live-website.com\/#website"},"primaryImageOfPage":{"@id":"https:\/\/lockwood-productions.com\/productions\/#primaryimage"},"image":{"@id":"https:\/\/lockwood-productions.com\/productions\/#primaryimage"},"thumbnailUrl":"https:\/\/lockwood-productions.com\/wp-content\/uploads\/2024\/10\/Logo-ML-production_fond-transparent_HQ-1-scaled.png","datePublished":"2015-07-07T11:57:30+00:00","dateModified":"2026-04-23T10:01:33+00:00","description":"Retrouvez toutes les productions de Mary Lockwood Productions, soci\u00e9t\u00e9 sp\u00e9cialis\u00e9e dans la supervision musicale et la musique interactive !","breadcrumb":{"@id":"https:\/\/lockwood-productions.com\/productions\/#breadcrumb"},"inLanguage":"en-US","potentialAction":[{"@type":"ReadAction","target":["https:\/\/lockwood-productions.com\/productions\/"]}]},{"@type":"ImageObject","inLanguage":"en-US","@id":"https:\/\/lockwood-productions.com\/productions\/#primaryimage","url":"https:\/\/lockwood-productions.com\/wp-content\/uploads\/2024\/10\/Logo-ML-production_fond-transparent_HQ-1-scaled.png","contentUrl":"https:\/\/lockwood-productions.com\/wp-content\/uploads\/2024\/10\/Logo-ML-production_fond-transparent_HQ-1-scaled.png","width":2560,"height":1719,"caption":"Logo - ML Productions"},{"@type":"BreadcrumbList","@id":"https:\/\/lockwood-productions.com\/productions\/#breadcrumb","itemListElement":[{"@type":"ListItem","position":1,"name":"Accueil","item":"https:\/\/lockwood-productions.com\/"},{"@type":"ListItem","position":2,"name":"Productions"}]},{"@type":"WebSite","@id":"https:\/\/marylockwoodprod-qdiyznr2kl.live-website.com\/#website","url":"https:\/\/marylockwoodprod-qdiyznr2kl.live-website.com\/","name":"Mary Lockwood Productions","description":"Supervision &amp; Production Musicale","potentialAction":[{"@type":"SearchAction","target":{"@type":"EntryPoint","urlTemplate":"https:\/\/marylockwoodprod-qdiyznr2kl.live-website.com\/?s={search_term_string}"},"query-input":{"@type":"PropertyValueSpecification","valueRequired":true,"valueName":"search_term_string"}}],"inLanguage":"en-US"}]}},"jetpack_sharing_enabled":true,"_links":{"self":[{"href":"https:\/\/lockwood-productions.com\/en\/wp-json\/wp\/v2\/pages\/27","targetHints":{"allow":["GET"]}}],"collection":[{"href":"https:\/\/lockwood-productions.com\/en\/wp-json\/wp\/v2\/pages"}],"about":[{"href":"https:\/\/lockwood-productions.com\/en\/wp-json\/wp\/v2\/types\/page"}],"author":[{"embeddable":true,"href":"https:\/\/lockwood-productions.com\/en\/wp-json\/wp\/v2\/users\/1"}],"replies":[{"embeddable":true,"href":"https:\/\/lockwood-productions.com\/en\/wp-json\/wp\/v2\/comments?post=27"}],"version-history":[{"count":4,"href":"https:\/\/lockwood-productions.com\/en\/wp-json\/wp\/v2\/pages\/27\/revisions"}],"predecessor-version":[{"id":987504343,"href":"https:\/\/lockwood-productions.com\/en\/wp-json\/wp\/v2\/pages\/27\/revisions\/987504343"}],"wp:featuredmedia":[{"embeddable":true,"href":"https:\/\/lockwood-productions.com\/en\/wp-json\/wp\/v2\/media\/1572"}],"wp:attachment":[{"href":"https:\/\/lockwood-productions.com\/en\/wp-json\/wp\/v2\/media?parent=27"}],"curies":[{"name":"wp","href":"https:\/\/api.w.org\/{rel}","templated":true}]}}